{"id":691,"date":"2021-01-28T19:52:17","date_gmt":"2020-08-20T23:47:51","guid":{"rendered":"https:\/\/valdemarin.com.ar\/studio-2\/"},"modified":"2021-04-26T01:01:39","modified_gmt":"2021-04-26T01:01:39","slug":"busqueda","status":"publish","type":"page","link":"https:\/\/valdemarin.com.ar\/en\/busqueda\/","title":{"rendered":"STUDIO Copy"},"content":{"rendered":"","protected":false},"excerpt":{"rendered":"","protected":false},"author":2,"featured_media":0,"parent":0,"menu_order":4,"comment_status":"closed","ping_status":"closed","template":"","meta":[],"class_list":["post-691","page","type-page","status-publish","hentry"],"grid":"{\r\n  \"colCount\": 14,\r\n  \"colGutter\": 2,\r\n  \"rowGutters\": [\r\n    64\r\n  ],\r\n  \"frameMargin\": 2,\r\n  \"topFrameMargin\": 140,\r\n  \"bottomFrameMargin\": 32,\r\n  \"rowAttrs\": [\r\n    {\r\n      \"bgcolor\": \"#797979\"\r\n    },\r\n    {\r\n      \"bgcolor\": \"#797979\"\r\n    }\r\n  ],\r\n  \"bgColor\": \"#797979\",\r\n  \"cont\": [\r\n    {\r\n      \"type\": \"text\",\r\n      \"cont\": \"<p class=\\\"_Titulos\\\">Estamos seleccionando un profesional de la arquitectura para incorporar a nuestro equipo, buscamos j\u00f3venes con pasi\u00f3n por el dise\u00f1o para interesantes proyectos en marcha!<\/p><p>\u00a0<\/p><p><span style=\\\"font-size: 20px;\\\">Abajo ofrecemos una descripci\u00f3n del puesto, si reun\u00eds estas caracter\u00edsticas por favor envianos tu CV, un peque\u00f1o portfolio de trabajos y la remuneraci\u00f3n pretendida a\u00a0 arq2@valdemarin.com.ar<\/span><\/p><p>\u00a0<\/p><p>\u00a0<\/p><div class=\\\"\\\">\u00a0<\/div>\",\r\n      \"align\": \"top\",\r\n      \"row\": 0,\r\n      \"col\": 0,\r\n      \"colspan\": 9,\r\n      \"offsetx\": 0,\r\n      \"offsety\": 0,\r\n      \"spaceabove\": 0,\r\n      \"spacebelow\": 0,\r\n      \"yvel\": 1,\r\n      \"push\": 0,\r\n      \"relid\": 6,\r\n      \"frameOverflow\": \"\"\r\n    },\r\n    {\r\n      \"type\": \"text\",\r\n      \"cont\": \"<p>Arquitecto con mediana experiencia, que pueda desarrollar tareas de dise\u00f1o y direcci\u00f3n de obra para diferentes proyectos en CABA full time:<\/p><p>\u00a0<\/p><p><u>Descripci\u00f3n del Puesto<\/u><\/p><p>Elaborar y ejecutar proyectos de arquitectura e interiorismo con especial atenci\u00f3n en el dise\u00f1o y en los detalles. Llevar adelante tanto el proceso de proyecto como la ejecuci\u00f3n en talleres y obra.<\/p><p>\u00a0<\/p><p><u>Principales tareas-responsabilidades: <\/u><\/p><p>- Participar en proyectos de dise\u00f1o tanto de arquitectura como interiorismo<\/p><p>- Desarrollar visualizaci\u00f3n gr\u00e1fica y modelos a escala de los proyectos<\/p><p>- Realizar documentaci\u00f3n t\u00e9cnica para construcci\u00f3n y obra<\/p><p>- Direcci\u00f3n de obras de escala viviendas, equipamiento, locales comerciales, etc.<\/p><p><u>\u00a0<\/u><\/p><p><u>Detalle del Perfil<\/u><\/p><p>Experiencia y conocimientos requeridos:<\/p><p>- Especial vocaci\u00f3n para el dise\u00f1o y el detalle<\/p><p>- Amplio manejo de software para representaci\u00f3n gr\u00e1fica como programas de modelado 3D, photoshop, etc (no es necesario fotorrealismo)<\/p><p>- Experiencia en documentaci\u00f3n de obra y confecci\u00f3n de planos de fabricaci\u00f3n de mobiliario<\/p><p>- Completo manejo de Autocad 2D y 3D<\/p><p>- Experiencia en la direcci\u00f3n de trabajos de obra escala viviendas y fabricaci\u00f3n de mobiliario a medida<\/p><p>- Conocimiento de idioma ingl\u00e9s (excluyente)<\/p><p>- Gran afinidad por el dise\u00f1o de mobiliario y el arte<\/p><p>\u00a0<\/p><p><u>Competencias:<\/u><\/p><p>- Riguroso\/a, ordenado\/a, detallista<\/p><p>- Capacidad y conocimiento para moverse en las dos escalas: arquitectura e interiorismo<\/p><p>- Con actitudes para dirigir gremios, supervisar y ordenar las tareas de obra<\/p><p>- Resolutivo\/a y con aptitudes para trabajar bajo presi\u00f3n de tiempos y calidad<\/p><p>- Gran afinidad por el dise\u00f1o de mobiliario y el arte<\/p>\",\r\n      \"align\": \"top\",\r\n      \"row\": 1,\r\n      \"col\": 0,\r\n      \"colspan\": 10,\r\n      \"offsetx\": 0,\r\n      \"offsety\": 0,\r\n      \"spaceabove\": 0,\r\n      \"spacebelow\": 0,\r\n      \"yvel\": 1,\r\n      \"push\": 0,\r\n      \"relid\": 8\r\n    }\r\n  ]\r\n}","phonegrid":"","_links":{"self":[{"href":"https:\/\/valdemarin.com.ar\/en\/wp-json\/wp\/v2\/pages\/691","targetHints":{"allow":["GET"]}}],"collection":[{"href":"https:\/\/valdemarin.com.ar\/en\/wp-json\/wp\/v2\/pages"}],"about":[{"href":"https:\/\/valdemarin.com.ar\/en\/wp-json\/wp\/v2\/types\/page"}],"author":[{"embeddable":true,"href":"https:\/\/valdemarin.com.ar\/en\/wp-json\/wp\/v2\/users\/2"}],"replies":[{"embeddable":true,"href":"https:\/\/valdemarin.com.ar\/en\/wp-json\/wp\/v2\/comments?post=691"}],"version-history":[{"count":0,"href":"https:\/\/valdemarin.com.ar\/en\/wp-json\/wp\/v2\/pages\/691\/revisions"}],"wp:attachment":[{"href":"https:\/\/valdemarin.com.ar\/en\/wp-json\/wp\/v2\/media?parent=691"}],"curies":[{"name":"wp","href":"https:\/\/api.w.org\/{rel}","templated":true}]}}